{"id":35144,"date":"2025-10-23T14:38:07","date_gmt":"2025-10-23T12:38:07","guid":{"rendered":"https:\/\/sbv.artesmedia.ch\/?page_id=35144"},"modified":"2025-11-11T10:03:30","modified_gmt":"2025-11-11T09:03:30","slug":"faqs-questions-frequemment-posees","status":"publish","type":"page","link":"https:\/\/sbv.artesmedia.ch\/fr\/faqs-questions-frequemment-posees\/","title":{"rendered":"FAQs-Questions fr\u00e9quemment pos\u00e9es"},"content":{"rendered":"<div  class='flex_column av-siqrgk-e325daa9aa4a8910ddc96c1d525e5dcf av_two_third  avia-builder-el-0  el_before_av_one_third  avia-builder-el-first  first flex_column_div  '     ><section  class='av_textblock_section av-mge2yxhl-addf33f92bc0ba46716b0cb819380582 '   itemscope=\"itemscope\" itemtype=\"https:\/\/schema.org\/CreativeWork\" ><div class='avia_textblock'  itemprop=\"text\" ><h1>FAQs &#8211;<br \/>\nH\u00e4ufig gestellte Fragen<\/h1>\n<p>Entre un mot-cl\u00e9 ou ta question dans le champ de recherche. En appuyant sur la touche Entr\u00e9e ou en cliquant sur la loupe, tu obtiendras des r\u00e9ponses adapt\u00e9es.<\/p>\n<p><strong>Example<\/strong> : module \/ frais de cours \/ interrompre la formation \/ pourquoi devrais-je consulter les FAQs plut\u00f4t que d\u2019appeler le secr\u00e9tariat ?<\/p>\n<\/div><\/section><br \/>\n<\/p><\/div><div  class='flex_column av-tx1w2s-e3c74d386124296612ff360e320ec153 av_one_third  avia-builder-el-3  el_after_av_two_third  avia-builder-el-last  flex_column_div  '     ><\/div><\/p>\n","protected":false},"excerpt":{"rendered":"","protected":false},"author":17,"featured_media":0,"parent":0,"menu_order":0,"comment_status":"closed","ping_status":"closed","template":"","meta":{"footnotes":"","_links_to":"","_links_to_target":""},"class_list":["post-35144","page","type-page","status-publish","hentry"],"publishpress_future_action":{"enabled":false,"date":"2026-04-24 15:33:45","action":"change-status","newStatus":"draft","terms":[],"taxonomy":"translation_priority","extraData":[]},"publishpress_future_workflow_manual_trigger":{"enabledWorkflows":[]},"_links":{"self":[{"href":"https:\/\/sbv.artesmedia.ch\/fr\/wp-json\/wp\/v2\/pages\/35144","targetHints":{"allow":["GET"]}}],"collection":[{"href":"https:\/\/sbv.artesmedia.ch\/fr\/wp-json\/wp\/v2\/pages"}],"about":[{"href":"https:\/\/sbv.artesmedia.ch\/fr\/wp-json\/wp\/v2\/types\/page"}],"author":[{"embeddable":true,"href":"https:\/\/sbv.artesmedia.ch\/fr\/wp-json\/wp\/v2\/users\/17"}],"replies":[{"embeddable":true,"href":"https:\/\/sbv.artesmedia.ch\/fr\/wp-json\/wp\/v2\/comments?post=35144"}],"version-history":[{"count":3,"href":"https:\/\/sbv.artesmedia.ch\/fr\/wp-json\/wp\/v2\/pages\/35144\/revisions"}],"predecessor-version":[{"id":35161,"href":"https:\/\/sbv.artesmedia.ch\/fr\/wp-json\/wp\/v2\/pages\/35144\/revisions\/35161"}],"wp:attachment":[{"href":"https:\/\/sbv.artesmedia.ch\/fr\/wp-json\/wp\/v2\/media?parent=35144"}],"curies":[{"name":"wp","href":"https:\/\/api.w.org\/{rel}","templated":true}]}}